{"id":27,"date":"2020-10-20T22:18:40","date_gmt":"2020-10-20T20:18:40","guid":{"rendered":"https:\/\/www.bananahomeagency.com\/?page_id=27"},"modified":"2026-03-24T18:07:10","modified_gmt":"2026-03-24T17:07:10","slug":"contactanos","status":"publish","type":"page","link":"https:\/\/www.bananahomeagency.com\/index.php\/contactanos\/","title":{"rendered":"CONT\u00c1CTO"},"content":{"rendered":"\n<p><strong>Correo electr\u00f3nico<\/strong>:<\/p>\n\n\n\n<p> info@bananahomeagency.com<\/p>\n\n\n\n<p><strong>\u00bfQuieres m\u00e1s informaci\u00f3n?<\/strong><\/p>\n\n\n\n<p>Si necesitas m\u00e1s informaci\u00f3n o tienes dudas, escribe un mensaje email a la direcci\u00f3n de correo.<\/p>\n\n\n\n<div style=\"height:52px\" aria-hidden=\"true\" class=\"wp-block-spacer\"><\/div>\n","protected":false},"excerpt":{"rendered":"<p>Correo electr\u00f3nico: info@bananahomeagency.com \u00bfQuieres m\u00e1s informaci\u00f3n? Si necesitas m\u00e1s informaci\u00f3n o tienes dudas, escribe un mensaje email a la direcci\u00f3n de correo.<\/p>\n","protected":false},"author":1,"featured_media":0,"parent":0,"menu_order":0,"comment_status":"closed","ping_status":"closed","template":"page-templates\/full-width.php","meta":{"_mi_skip_tracking":false,"_exactmetrics_sitenote_active":false,"_exactmetrics_sitenote_note":"","_exactmetrics_sitenote_category":0,"_monsterinsights_sitenote_active":false,"_monsterinsights_sitenote_note":"","_monsterinsights_sitenote_category":0,"footnotes":""},"class_list":["post-27","page","type-page","status-publish","hentry"],"_links":{"self":[{"href":"https:\/\/www.bananahomeagency.com\/index.php\/wp-json\/wp\/v2\/pages\/27","targetHints":{"allow":["GET"]}}],"collection":[{"href":"https:\/\/www.bananahomeagency.com\/index.php\/wp-json\/wp\/v2\/pages"}],"about":[{"href":"https:\/\/www.bananahomeagency.com\/index.php\/wp-json\/wp\/v2\/types\/page"}],"author":[{"embeddable":true,"href":"https:\/\/www.bananahomeagency.com\/index.php\/wp-json\/wp\/v2\/users\/1"}],"replies":[{"embeddable":true,"href":"https:\/\/www.bananahomeagency.com\/index.php\/wp-json\/wp\/v2\/comments?post=27"}],"version-history":[{"count":15,"href":"https:\/\/www.bananahomeagency.com\/index.php\/wp-json\/wp\/v2\/pages\/27\/revisions"}],"predecessor-version":[{"id":1083,"href":"https:\/\/www.bananahomeagency.com\/index.php\/wp-json\/wp\/v2\/pages\/27\/revisions\/1083"}],"wp:attachment":[{"href":"https:\/\/www.bananahomeagency.com\/index.php\/wp-json\/wp\/v2\/media?parent=27"}],"curies":[{"name":"wp","href":"https:\/\/api.w.org\/{rel}","templated":true}]}}